{"id":76,"date":"2022-04-29T02:49:49","date_gmt":"2022-04-29T02:49:49","guid":{"rendered":"https:\/\/shtheme.com\/demosd\/thecappa\/?page_id=76"},"modified":"2024-11-10T14:28:43","modified_gmt":"2024-11-10T14:28:43","slug":"nosotros","status":"publish","type":"page","link":"https:\/\/mibodamagica.com\/en\/nosotros\/","title":{"rendered":"About Us"},"content":{"rendered":"<div data-elementor-type=\"wp-page\" data-elementor-id=\"76\" class=\"elementor elementor-76\" data-elementor-post-type=\"page\">\n\t\t\t\t\t\t<section data-particle_enable=\"false\" data-particle-mobile-disabled=\"false\" class=\"elementor-section elementor-top-section elementor-element elementor-element-a5ea5a6 elementor-section-full_width elementor-section-height-default elementor-section-height-default\" data-id=\"a5ea5a6\" data-element_type=\"section\">\n\t\t\t\t\t\t<div class=\"elementor-container elementor-column-gap-no\">\n\t\t\t\t\t<div class=\"elementor-column elementor-col-100 elementor-top-column elementor-element elementor-element-40a22b6\" data-id=\"40a22b6\" data-element_type=\"column\">\n\t\t\t<div class=\"elementor-widget-wrap elementor-element-populated\">\n\t\t\t\t\t\t<div class=\"elementor-element elementor-element-0790f65 elementor-align-left elementor-widget elementor-widget-pages-banner\" data-id=\"0790f65\" data-element_type=\"widget\" data-widget_type=\"pages-banner.default\">\n\t\t\t\t<div class=\"elementor-widget-container\">\n\t\t\t\r\n\t\t\t\t<div class=\"banner-header section-padding valign bg-img bg-fixed\" data-overlay-dark=\"4\" data-background=\"https:\/\/mibodamagica.com\/wp-content\/uploads\/2022\/11\/MiBodaMagica-AboutUs.jpg\">\r\n\t\t\t\t\t<div class=\"container\">\r\n\t\t\t\t<div class=\"row\">\r\n\t\t\t\t\t<div class=\"col-md-12 caption mt-90\">\r\n\t\t\t\t\t\t\t\t\t\t\t\t<h5>Mi Boda M\u00e1gica<\/h5>\r\n\t\t\t\t\t\t\t\t\t\t\t\t\t\t\t\t\t\t<h1>About Us<\/h1>\r\n\t\t\t\t\t\t\t\t\t\t\t<\/div>\r\n\t\t\t\t<\/div>\r\n\t\t\t<\/div>\r\n\t\t<\/div>\r\n\r\n\t\t\t<\/div>\n\t\t\t\t<\/div>\n\t\t\t\t\t<\/div>\n\t\t<\/div>\n\t\t\t\t\t<\/div>\n\t\t<\/section>\n\t\t\t\t<section data-particle_enable=\"false\" data-particle-mobile-disabled=\"false\" class=\"elementor-section elementor-top-section elementor-element elementor-element-6879915 elementor-section-boxed elementor-section-height-default elementor-section-height-default\" data-id=\"6879915\" data-element_type=\"section\">\n\t\t\t\t\t\t<div class=\"elementor-container elementor-column-gap-default\">\n\t\t\t\t\t<div class=\"elementor-column elementor-col-100 elementor-top-column elementor-element elementor-element-74f57ce\" data-id=\"74f57ce\" data-element_type=\"column\">\n\t\t\t<div class=\"elementor-widget-wrap elementor-element-populated\">\n\t\t\t\t\t\t<div class=\"elementor-element elementor-element-4bb2d0e elementor-align-left elementor-widget elementor-widget-pages-spa-content\" data-id=\"4bb2d0e\" data-element_type=\"widget\" data-widget_type=\"pages-spa-content.default\">\n\t\t\t\t<div class=\"elementor-widget-container\">\n\t\t\t\r\n\t\t<section class=\"rooms-page section-padding\" data-scroll-index=\"1\">\r\n\t\t\t<div class=\"container\">\r\n\t\t\t\t<div class=\"row\">\r\n\t\t\t\t\t<div class=\"col-md-12\"> <span>\t\t\t\t\t\t<i class=\"star-rating\"><\/i>\r\n\t\t\t\t\t\t<i class=\"star-rating\"><\/i>\r\n\t\t\t\t\t\t<i class=\"star-rating\"><\/i>\r\n\t\t\t\t\t\t<i class=\"star-rating\"><\/i>\r\n\t\t\t\t\t\t<i class=\"star-rating\"><\/i>\r\n\t\t\t\t\t\t<\/span>\r\n\t\t\t\t\t\t\t\t\t\t\t\t\t<div class=\"section-subtitle\">Wedding Planner<\/div>\r\n\t\t\t\t\t\t\t\t\t\t\t\t\t\t\t\t\t\t\t<div class=\"section-title\">Carolina Muzo<\/div>\r\n\t\t\t\t\t\t\t\t\t\t\t\t\t\t\t\t\t<\/div>\r\n\t\t\t\t\t<div class=\"col-md-12\">\r\n\t\t\t\t\t\t\t\t\t\t\t<\/div>\r\n\t\t\t\t<\/div>\r\n\t\t\t<\/div>\r\n\t\t<\/section>\r\n\r\n\t\t\t<\/div>\n\t\t\t\t<\/div>\n\t\t\t\t<div class=\"elementor-element elementor-element-ec9d6b8 elementor-widget elementor-widget-image\" data-id=\"ec9d6b8\" data-element_type=\"widget\" data-widget_type=\"image.default\">\n\t\t\t\t<div class=\"elementor-widget-container\">\n\t\t\t\t\t\t\t\t\t\t\t\t\t<img fetchpriority=\"high\" decoding=\"async\" width=\"900\" height=\"597\" src=\"https:\/\/mibodamagica.com\/wp-content\/uploads\/2022\/11\/CarolinaMuzo-1024x679.jpeg\" class=\"attachment-large size-large wp-image-759\" alt=\"\" srcset=\"https:\/\/mibodamagica.com\/wp-content\/uploads\/2022\/11\/CarolinaMuzo-1024x679.jpeg 1024w, https:\/\/mibodamagica.com\/wp-content\/uploads\/2022\/11\/CarolinaMuzo-300x199.jpeg 300w, https:\/\/mibodamagica.com\/wp-content\/uploads\/2022\/11\/CarolinaMuzo-768x509.jpeg 768w, https:\/\/mibodamagica.com\/wp-content\/uploads\/2022\/11\/CarolinaMuzo.jpeg 1280w\" sizes=\"(max-width: 900px) 100vw, 900px\" \/>\t\t\t\t\t\t\t\t\t\t\t\t\t<\/div>\n\t\t\t\t<\/div>\n\t\t\t\t<div class=\"elementor-element elementor-element-926643a elementor-widget elementor-widget-text-editor\" data-id=\"926643a\" data-element_type=\"widget\" data-widget_type=\"text-editor.default\">\n\t\t\t\t<div class=\"elementor-widget-container\">\n\t\t\t\t\t\t\t<p style=\"text-align: justify;\">From an early age, Carolina Muzo, a young woman from Quito with an innate passion for floral design, was immersed in a world of color and creativity. Born into a family of renowned florists, her destiny seemed set among bouquets and arrangements. However, her ambition took her beyond flowers; she wanted to transform each wedding into a magical and unique moment.<\/p><p style=\"text-align: justify;\">Carolina began her academic journey at the Escuela Polit\u00e9cnica del Ej\u00e9rcito (ESPE), where she graduated as a Commercial Engineer. There, she gained solid knowledge in administration, production, finance, and human resources\u2014skills that would be fundamental to her future career. Yet, her love for floral art never faded. She graduated as a Master Florist of the Republic of Ecuador and continued her training at renowned international schools, earning certifications in floral decoration and specializing in wedding design at the prestigious New York Botanical Garden.<\/p><p style=\"text-align: justify;\">Her desire to learn led her to travel to the United States, where she studied to become a Bridal Consultant. But Carolina didn\u2019t stop there; she trained with industry legends like Preston Bailey, David Tutera, and Martha Stewart, accumulating vast experience that distinguished her as a wedding expert. At the end of 2012, her dedication led her to achieve the title of Master Wedding Planner, becoming the first person in South America to receive this prestigious recognition from the Association of Bridal Consultants (ABC).<\/p><p style=\"text-align: justify;\">That same year, Carolina was appointed Director of the Ecuadorian chapter of the ABC, where she focused her energy on founding a wedding planner school and creating an association of wedding suppliers. Over time, her company, Mi Boda M\u00e1gica, became synonymous with excellence in wedding planning, serving more than 850 couples and earning recognition as the best wedding operator in Ecuador.<\/p><p style=\"text-align: justify;\">Her work did not go unnoticed. Carolina was recognized internationally on several occasions, standing out among the top wedding planners in the region. In 2024, she was awarded as the best destination wedding planner in LATAM at the LATAM Wedding Awards\u2014a testament to her dedication and creativity.<\/p><p style=\"text-align: justify;\">Throughout her career, she has shared her knowledge and passion through publications, launching her book \u201cC\u00f3mo hacer tu boda m\u00e1gica\u201d in 2019, followed by \u201cDe bodas en crisis a bodas m\u00e1gicas\u201d in 2020, during a time of uncertainty for many.<\/p><p style=\"text-align: justify;\">Carolina has not only established herself as a professional in the wedding industry but has also been a fervent promoter of Ecuador as an ideal destination for romance tourism in Latin America. Her ambitious vision aims to attract foreign couples to marry in the country, generating economic benefits that could boost the wedding industry in the region.<\/p><p style=\"text-align: justify;\">Today, Carolina continues planning destination weddings in Colombia, Panama, and the Dominican Republic, bringing her charismatic approach and Zero Error policy to every event. With over 850 weddings to her name and an impeccable reputation, Carolina Muzo not only creates weddings but also brings to life the dreams of those who trust in her magic.<\/p>\t\t\t\t\t\t<\/div>\n\t\t\t\t<\/div>\n\t\t\t\t\t<\/div>\n\t\t<\/div>\n\t\t\t\t\t<\/div>\n\t\t<\/section>\n\t\t\t\t<section data-particle_enable=\"false\" data-particle-mobile-disabled=\"false\" class=\"elementor-section elementor-top-section elementor-element elementor-element-65f2f65 elementor-section-boxed elementor-section-height-default elementor-section-height-default\" data-id=\"65f2f65\" data-element_type=\"section\">\n\t\t\t\t\t\t<div class=\"elementor-container elementor-column-gap-default\">\n\t\t\t\t\t<div class=\"elementor-column elementor-col-100 elementor-top-column elementor-element elementor-element-bfa454f\" data-id=\"bfa454f\" data-element_type=\"column\">\n\t\t\t<div class=\"elementor-widget-wrap elementor-element-populated\">\n\t\t\t\t\t\t<div class=\"elementor-element elementor-element-2e67b95 elementor-widget elementor-widget-text-editor\" data-id=\"2e67b95\" data-element_type=\"widget\" data-widget_type=\"text-editor.default\">\n\t\t\t\t<div class=\"elementor-widget-container\">\n\t\t\t\t\t\t\t<p style=\"text-align: center;\">Our commitment and the quality of our services have earned us numerous awards over the years, among which we can highlight the following.<\/p>\t\t\t\t\t\t<\/div>\n\t\t\t\t<\/div>\n\t\t\t\t<div class=\"elementor-element elementor-element-e8a141e elementor-widget elementor-widget-image\" data-id=\"e8a141e\" data-element_type=\"widget\" data-widget_type=\"image.default\">\n\t\t\t\t<div class=\"elementor-widget-container\">\n\t\t\t\t\t\t\t\t\t\t\t\t\t<img decoding=\"async\" width=\"551\" height=\"183\" src=\"https:\/\/mibodamagica.com\/wp-content\/uploads\/2022\/11\/awards-1.jpg\" class=\"attachment-full size-full wp-image-636\" alt=\"\" srcset=\"https:\/\/mibodamagica.com\/wp-content\/uploads\/2022\/11\/awards-1.jpg 551w, https:\/\/mibodamagica.com\/wp-content\/uploads\/2022\/11\/awards-1-300x100.jpg 300w\" sizes=\"(max-width: 551px) 100vw, 551px\" \/>\t\t\t\t\t\t\t\t\t\t\t\t\t<\/div>\n\t\t\t\t<\/div>\n\t\t\t\t<div class=\"elementor-element elementor-element-e2d4241 elementor-widget elementor-widget-spacer\" data-id=\"e2d4241\" data-element_type=\"widget\" data-widget_type=\"spacer.default\">\n\t\t\t\t<div class=\"elementor-widget-container\">\n\t\t\t\t\t<div class=\"elementor-spacer\">\n\t\t\t<div class=\"elementor-spacer-inner\"><\/div>\n\t\t<\/div>\n\t\t\t\t<\/div>\n\t\t\t\t<\/div>\n\t\t\t\t\t<\/div>\n\t\t<\/div>\n\t\t\t\t\t<\/div>\n\t\t<\/section>\n\t\t\t\t<\/div>","protected":false},"excerpt":{"rendered":"<p>Mi Boda M\u00e1gica Nosotros Wedding Planner Carolina Muzo Desde una edad temprana, Carolina Muzo, una joven quite\u00f1a con una pasi\u00f3n innata por el dise\u00f1o floral, estuvo inmersa en un mundo de color y creatividad. Nacida en una familia de renombrados floristas, su destino parec\u00eda marcado entre ramos y arreglos. Sin embargo, su ambici\u00f3n la llev\u00f3 [&hellip;]<\/p>","protected":false},"author":1,"featured_media":0,"parent":0,"menu_order":0,"comment_status":"closed","ping_status":"closed","template":"page-templates\/home.php","meta":{"passster_activate_protection":false,"passster_protect_child_pages":"","passster_protection_type":"password","passster_password":"","passster_activate_overwrite_defaults":"","passster_headline":"","passster_instruction":"","passster_placeholder":"","passster_button":"","passster_id":"","passster_activate_misc_settings":"","passster_redirect_url":"","passster_hide":"no","passster_area_shortcode":"","footnotes":""},"class_list":["post-76","page","type-page","status-publish","hentry"],"_links":{"self":[{"href":"https:\/\/mibodamagica.com\/en\/wp-json\/wp\/v2\/pages\/76","targetHints":{"allow":["GET"]}}],"collection":[{"href":"https:\/\/mibodamagica.com\/en\/wp-json\/wp\/v2\/pages"}],"about":[{"href":"https:\/\/mibodamagica.com\/en\/wp-json\/wp\/v2\/types\/page"}],"author":[{"embeddable":true,"href":"https:\/\/mibodamagica.com\/en\/wp-json\/wp\/v2\/users\/1"}],"replies":[{"embeddable":true,"href":"https:\/\/mibodamagica.com\/en\/wp-json\/wp\/v2\/comments?post=76"}],"version-history":[{"count":30,"href":"https:\/\/mibodamagica.com\/en\/wp-json\/wp\/v2\/pages\/76\/revisions"}],"predecessor-version":[{"id":3875,"href":"https:\/\/mibodamagica.com\/en\/wp-json\/wp\/v2\/pages\/76\/revisions\/3875"}],"wp:attachment":[{"href":"https:\/\/mibodamagica.com\/en\/wp-json\/wp\/v2\/media?parent=76"}],"curies":[{"name":"wp","href":"https:\/\/api.w.org\/{rel}","templated":true}]}}