{"id":3889,"date":"2024-11-10T14:55:36","date_gmt":"2024-11-10T14:55:36","guid":{"rendered":"https:\/\/mibodamagica.com\/?page_id=3889"},"modified":"2024-11-10T15:46:23","modified_gmt":"2024-11-10T15:46:23","slug":"boda-integral-cero-errores","status":"publish","type":"page","link":"https:\/\/mibodamagica.com\/en\/boda-integral-cero-errores\/","title":{"rendered":"Zero Error Integral Wedding"},"content":{"rendered":"<div data-elementor-type=\"wp-page\" data-elementor-id=\"3889\" class=\"elementor elementor-3889\" data-elementor-post-type=\"page\">\n\t\t\t\t\t\t<section data-particle_enable=\"false\" data-particle-mobile-disabled=\"false\" class=\"elementor-section elementor-top-section elementor-element elementor-element-24754d89 elementor-section-full_width elementor-section-height-default elementor-section-height-default\" data-id=\"24754d89\" data-element_type=\"section\">\n\t\t\t\t\t\t<div class=\"elementor-container elementor-column-gap-no\">\n\t\t\t\t\t<div class=\"elementor-column elementor-col-100 elementor-top-column elementor-element elementor-element-7a7488ce\" data-id=\"7a7488ce\" data-element_type=\"column\">\n\t\t\t<div class=\"elementor-widget-wrap elementor-element-populated\">\n\t\t\t\t\t\t<div class=\"elementor-element elementor-element-5f9bca1d elementor-align-left elementor-widget elementor-widget-pages-banner\" data-id=\"5f9bca1d\" data-element_type=\"widget\" data-widget_type=\"pages-banner.default\">\n\t\t\t\t<div class=\"elementor-widget-container\">\n\t\t\t\r\n\t\t\t\t<div class=\"banner-header section-padding valign bg-img bg-fixed\" data-overlay-dark=\"4\" data-background=\"https:\/\/mibodamagica.com\/wp-content\/uploads\/2024\/11\/ZeroErrores.jpg\">\r\n\t\t\t\t\t<div class=\"container\">\r\n\t\t\t\t<div class=\"row\">\r\n\t\t\t\t\t<div class=\"col-md-12 caption mt-90\">\r\n\t\t\t\t\t\t\t\t\t\t\t\t<h5>Service<\/h5>\r\n\t\t\t\t\t\t\t\t\t\t\t\t\t\t\t\t\t\t<h1>Zero Error Integral Wedding<\/h1>\r\n\t\t\t\t\t\t\t\t\t\t\t<\/div>\r\n\t\t\t\t<\/div>\r\n\t\t\t<\/div>\r\n\t\t<\/div>\r\n\r\n\t\t\t<\/div>\n\t\t\t\t<\/div>\n\t\t\t\t\t<\/div>\n\t\t<\/div>\n\t\t\t\t\t<\/div>\n\t\t<\/section>\n\t\t\t\t<section data-particle_enable=\"false\" data-particle-mobile-disabled=\"false\" class=\"elementor-section elementor-top-section elementor-element elementor-element-6184eb88 elementor-section-boxed elementor-section-height-default elementor-section-height-default\" data-id=\"6184eb88\" data-element_type=\"section\">\n\t\t\t\t\t\t<div class=\"elementor-container elementor-column-gap-default\">\n\t\t\t\t\t<div class=\"elementor-column elementor-col-100 elementor-top-column elementor-element elementor-element-41f9ac4\" data-id=\"41f9ac4\" data-element_type=\"column\">\n\t\t\t<div class=\"elementor-widget-wrap elementor-element-populated\">\n\t\t\t\t\t\t<div class=\"elementor-element elementor-element-1e9b93f7 elementor-widget elementor-widget-spacer\" data-id=\"1e9b93f7\" data-element_type=\"widget\" data-widget_type=\"spacer.default\">\n\t\t\t\t<div class=\"elementor-widget-container\">\n\t\t\t\t\t<div class=\"elementor-spacer\">\n\t\t\t<div class=\"elementor-spacer-inner\"><\/div>\n\t\t<\/div>\n\t\t\t\t<\/div>\n\t\t\t\t<\/div>\n\t\t\t\t<div class=\"elementor-element elementor-element-bd7c753 elementor-widget elementor-widget-text-editor\" data-id=\"bd7c753\" data-element_type=\"widget\" data-widget_type=\"text-editor.default\">\n\t\t\t\t<div class=\"elementor-widget-container\">\n\t\t\t\t\t\t\t<p>Can you imagine a perfect day, where every detail of your wedding is carefully orchestrated so you can simply focus on enjoying? At <b>Mi Boda M\u00e1gica<\/b>, we understand that couples with busy lives often lack the time needed to plan their big day. That\u2019s why we offer our exclusive <b>Zero Error Integral Wedding<\/b>, designed to turn your dreams into a magical reality, hassle-free.<\/p><p>When planning is entrusted to family or friends, communication issues and misunderstandings can arise. With us, that\u2019s not a problem. Hundreds of satisfied clients back our experience and commitment. We take care of everything, from planning to coordination and overseeing your wedding, working exclusively with the best suppliers in the industry to ensure a high-level event.<\/p><p><b>What does our service include?<\/b><\/p><ol><li aria-level=\"1\"><b>1. Elaboration of Schedule and Budget<\/b>: A detailed plan that allows you to have complete control over expenses.<\/li><li aria-level=\"1\"><b>2. Scheduled Meetings<\/b>: We set up regular meetings with the couple to adjust every detail and ensure your wishes come to life.<\/li><li aria-level=\"1\"><b>3. Holistic Advisory<\/b>: From wedding design and theme to selecting the venue and church, we guide you in every decision.<\/li><li aria-level=\"1\"><b>4. Ceremony Coordination<\/b>: We take care of the civil, religious, or reception ceremony, supervising setups, protocol, timing, and guest attention on the day of the event.<\/li><li aria-level=\"1\"><b>5. Protocol Rehearsal<\/b>: We conduct a detailed rehearsal of the religious ceremony to ensure everything goes perfectly.<\/li><li aria-level=\"1\"><b>6. Vendor Negotiation and Management<\/b>We work with the best in the industry, securing discounts, concessions, and special gifts just for you.<\/li><\/ol><p>At <b>Mi Boda M\u00e1gica<\/b>, we\u2019re the first to arrive and the last to leave, ensuring every moment of your wedding is perfect. Let us bring your dream wedding to life and experience an unforgettable day.<\/p>\t\t\t\t\t\t<\/div>\n\t\t\t\t<\/div>\n\t\t\t\t<div class=\"elementor-element elementor-element-6e3b867e elementor-widget elementor-widget-spacer\" data-id=\"6e3b867e\" data-element_type=\"widget\" data-widget_type=\"spacer.default\">\n\t\t\t\t<div class=\"elementor-widget-container\">\n\t\t\t\t\t<div class=\"elementor-spacer\">\n\t\t\t<div class=\"elementor-spacer-inner\"><\/div>\n\t\t<\/div>\n\t\t\t\t<\/div>\n\t\t\t\t<\/div>\n\t\t\t\t\t<\/div>\n\t\t<\/div>\n\t\t\t\t\t<\/div>\n\t\t<\/section>\n\t\t\t\t<\/div>","protected":false},"excerpt":{"rendered":"<p>Servicio Boda Integral Cero Errores \u00bfSe imaginan un d\u00eda perfecto, donde cada detalle de su boda est\u00e9 cuidadosamente orquestado para que ustedes solo se enfoquen en disfrutar? En Mi Boda M\u00e1gica, sabemos que las parejas con m\u00faltiples ocupaciones a menudo carecen del tiempo necesario para planificar su gran d\u00eda. Por eso, ofrecemos nuestro exclusivo servicio [&hellip;]<\/p>","protected":false},"author":1,"featured_media":0,"parent":0,"menu_order":0,"comment_status":"closed","ping_status":"closed","template":"page-templates\/home.php","meta":{"passster_activate_protection":false,"passster_protect_child_pages":"","passster_protection_type":"password","passster_password":"","passster_activate_overwrite_defaults":"","passster_headline":"","passster_instruction":"","passster_placeholder":"","passster_button":"","passster_id":"","passster_activate_misc_settings":"","passster_redirect_url":"","passster_hide":"no","passster_area_shortcode":"","footnotes":""},"class_list":["post-3889","page","type-page","status-publish","hentry"],"_links":{"self":[{"href":"https:\/\/mibodamagica.com\/en\/wp-json\/wp\/v2\/pages\/3889","targetHints":{"allow":["GET"]}}],"collection":[{"href":"https:\/\/mibodamagica.com\/en\/wp-json\/wp\/v2\/pages"}],"about":[{"href":"https:\/\/mibodamagica.com\/en\/wp-json\/wp\/v2\/types\/page"}],"author":[{"embeddable":true,"href":"https:\/\/mibodamagica.com\/en\/wp-json\/wp\/v2\/users\/1"}],"replies":[{"embeddable":true,"href":"https:\/\/mibodamagica.com\/en\/wp-json\/wp\/v2\/comments?post=3889"}],"version-history":[{"count":11,"href":"https:\/\/mibodamagica.com\/en\/wp-json\/wp\/v2\/pages\/3889\/revisions"}],"predecessor-version":[{"id":3905,"href":"https:\/\/mibodamagica.com\/en\/wp-json\/wp\/v2\/pages\/3889\/revisions\/3905"}],"wp:attachment":[{"href":"https:\/\/mibodamagica.com\/en\/wp-json\/wp\/v2\/media?parent=3889"}],"curies":[{"name":"wp","href":"https:\/\/api.w.org\/{rel}","templated":true}]}}