{"id":3845,"date":"2024-11-07T16:03:18","date_gmt":"2024-11-07T16:03:18","guid":{"rendered":"https:\/\/mibodamagica.com\/?page_id=3845"},"modified":"2024-11-10T17:33:20","modified_gmt":"2024-11-10T17:33:20","slug":"bodas-destino-latam","status":"publish","type":"page","link":"https:\/\/mibodamagica.com\/en\/bodas-destino-latam\/","title":{"rendered":"Destination Latam Weddings"},"content":{"rendered":"<div data-elementor-type=\"wp-page\" data-elementor-id=\"3845\" class=\"elementor elementor-3845\" data-elementor-post-type=\"page\">\n\t\t\t\t\t\t<section data-particle_enable=\"false\" data-particle-mobile-disabled=\"false\" class=\"elementor-section elementor-top-section elementor-element elementor-element-3a8d313 elementor-section-full_width elementor-section-height-default elementor-section-height-default\" data-id=\"3a8d313\" data-element_type=\"section\">\n\t\t\t\t\t\t<div class=\"elementor-container elementor-column-gap-no\">\n\t\t\t\t\t<div class=\"elementor-column elementor-col-100 elementor-top-column elementor-element elementor-element-0090f68\" data-id=\"0090f68\" data-element_type=\"column\">\n\t\t\t<div class=\"elementor-widget-wrap elementor-element-populated\">\n\t\t\t\t\t\t<div class=\"elementor-element elementor-element-29ddee6 elementor-align-left elementor-widget elementor-widget-pages-banner\" data-id=\"29ddee6\" data-element_type=\"widget\" data-widget_type=\"pages-banner.default\">\n\t\t\t\t<div class=\"elementor-widget-container\">\n\t\t\t\r\n\t\t\t\t<div class=\"banner-header section-padding valign bg-img bg-fixed\" data-overlay-dark=\"4\" data-background=\"https:\/\/mibodamagica.com\/wp-content\/uploads\/2024\/11\/Church.jpg\">\r\n\t\t\t\t\t<div class=\"container\">\r\n\t\t\t\t<div class=\"row\">\r\n\t\t\t\t\t<div class=\"col-md-12 caption mt-90\">\r\n\t\t\t\t\t\t\t\t\t\t\t\t<h5>Service<\/h5>\r\n\t\t\t\t\t\t\t\t\t\t\t\t\t\t\t\t\t\t<h1>Destination Latam Weddings<\/h1>\r\n\t\t\t\t\t\t\t\t\t\t\t<\/div>\r\n\t\t\t\t<\/div>\r\n\t\t\t<\/div>\r\n\t\t<\/div>\r\n\r\n\t\t\t<\/div>\n\t\t\t\t<\/div>\n\t\t\t\t\t<\/div>\n\t\t<\/div>\n\t\t\t\t\t<\/div>\n\t\t<\/section>\n\t\t\t\t<section data-particle_enable=\"false\" data-particle-mobile-disabled=\"false\" class=\"elementor-section elementor-top-section elementor-element elementor-element-d95c6c3 elementor-section-boxed elementor-section-height-default elementor-section-height-default\" data-id=\"d95c6c3\" data-element_type=\"section\">\n\t\t\t\t\t\t<div class=\"elementor-container elementor-column-gap-default\">\n\t\t\t\t\t<div class=\"elementor-column elementor-col-100 elementor-top-column elementor-element elementor-element-2bb9981\" data-id=\"2bb9981\" data-element_type=\"column\">\n\t\t\t<div class=\"elementor-widget-wrap elementor-element-populated\">\n\t\t\t\t\t\t<div class=\"elementor-element elementor-element-722d18f elementor-widget elementor-widget-spacer\" data-id=\"722d18f\" data-element_type=\"widget\" data-widget_type=\"spacer.default\">\n\t\t\t\t<div class=\"elementor-widget-container\">\n\t\t\t\t\t<div class=\"elementor-spacer\">\n\t\t\t<div class=\"elementor-spacer-inner\"><\/div>\n\t\t<\/div>\n\t\t\t\t<\/div>\n\t\t\t\t<\/div>\n\t\t\t\t<div class=\"elementor-element elementor-element-f35bb0a elementor-widget elementor-widget-video\" data-id=\"f35bb0a\" data-element_type=\"widget\" data-settings=\"{&quot;youtube_url&quot;:&quot;https:\\\/\\\/youtu.be\\\/TO2AofGeMu4&quot;,&quot;autoplay&quot;:&quot;yes&quot;,&quot;modestbranding&quot;:&quot;yes&quot;,&quot;video_type&quot;:&quot;youtube&quot;,&quot;controls&quot;:&quot;yes&quot;}\" data-widget_type=\"video.default\">\n\t\t\t\t<div class=\"elementor-widget-container\">\n\t\t\t\t\t<div class=\"elementor-wrapper elementor-open-inline\">\n\t\t\t<div class=\"elementor-video\"><\/div>\t\t<\/div>\n\t\t\t\t<\/div>\n\t\t\t\t<\/div>\n\t\t\t\t<div class=\"elementor-element elementor-element-32a9e1b elementor-widget elementor-widget-spacer\" data-id=\"32a9e1b\" data-element_type=\"widget\" data-widget_type=\"spacer.default\">\n\t\t\t\t<div class=\"elementor-widget-container\">\n\t\t\t\t\t<div class=\"elementor-spacer\">\n\t\t\t<div class=\"elementor-spacer-inner\"><\/div>\n\t\t<\/div>\n\t\t\t\t<\/div>\n\t\t\t\t<\/div>\n\t\t\t\t<div class=\"elementor-element elementor-element-9d761c2 elementor-widget elementor-widget-heading\" data-id=\"9d761c2\" data-element_type=\"widget\" data-widget_type=\"heading.default\">\n\t\t\t\t<div class=\"elementor-widget-container\">\n\t\t\t<h2 class=\"elementor-heading-title elementor-size-default\">Time to plan: 1 year to 18 months \n<\/h2>\t\t<\/div>\n\t\t\t\t<\/div>\n\t\t\t\t<div class=\"elementor-element elementor-element-efe7a18 elementor-widget elementor-widget-text-editor\" data-id=\"efe7a18\" data-element_type=\"widget\" data-widget_type=\"text-editor.default\">\n\t\t\t\t<div class=\"elementor-widget-container\">\n\t\t\t\t\t\t\t<p style=\"text-align: justify;\"><strong>Your Dream Wedding in Ecuador or Colombia: The Most Magical Destinations in Latin America<\/strong><\/p><p style=\"text-align: justify;\">Imagine your ceremony set against unforgettable landscapes: the majestic Gal\u00e1pagos Islands with their crystal-clear waters and vibrant wildlife; a sunset beach in Cartagena, where the sky glows in warm colors; or high in the Andean mountains, surrounded by timeless beauty and rich history. These are the uniquely enchanting places only Ecuador and Colombia can offer.<\/p><p style=\"text-align: justify;\"><strong>We make each step of your big day easy<\/strong> just two trips are all you need. The first is to personalize every detail, with tastings, music selection, and d\u00e9cor previews. The second is to experience your dream wedding.<\/p><p style=\"text-align: justify;\"><strong>Leave every detail to us:<\/strong> from luxurious accommodations and beautiful d\u00e9cor to music, and every small touch that will make your wedding unforgettable. With over 800 luxury weddings successfully crafted, we\u2019re experts at providing a stress-free experience, ensuring you and your guests enjoy every moment to the fullest.<\/p><p style=\"text-align: justify;\">Led by <strong>Carolina Muzo,<\/strong> awarded as the best destination wedding planner in Latin America at the 2024-2025 Wedding Latin Awards, our team will ensure each detail is perfect, with every aspect tailored to your style and vision.<\/p><p style=\"text-align: justify;\"><strong>Picture each celebration:<\/strong> a welcome party, rehearsal dinner, an icebreaker event to connect your guests, bachelor\/bachelorette parties, the big day itself, and a closing drunch to celebrate. We also offer luxury accommodations, immersive cultural experiences, and unique adventures, such as historic tours, mountain hikes, rainforest explorations, and of course, the iconic Gal\u00e1pagos Islands.<\/p><p style=\"text-align: justify;\"><strong>Seamless planning with transparency:<\/strong> We work with you online, with every step organized in Google Drive so you can access and control every detail at any time.<\/p><p style=\"text-align: justify;\">With alliances across <strong>Ecuador, Colombia, Rep\u00fablica Dominicana, Panam\u00e1, M\u00e9xico<\/strong> and the best vendors, we bring your vision to life. Let\u2019s create the wedding you\u2019ve always dreamed of, in the most beautiful, secure, and enchanting destinations in Latin America.<\/p>\t\t\t\t\t\t<\/div>\n\t\t\t\t<\/div>\n\t\t\t\t<div class=\"elementor-element elementor-element-7e839fe elementor-widget elementor-widget-spacer\" data-id=\"7e839fe\" data-element_type=\"widget\" data-widget_type=\"spacer.default\">\n\t\t\t\t<div class=\"elementor-widget-container\">\n\t\t\t\t\t<div class=\"elementor-spacer\">\n\t\t\t<div class=\"elementor-spacer-inner\"><\/div>\n\t\t<\/div>\n\t\t\t\t<\/div>\n\t\t\t\t<\/div>\n\t\t\t\t\t<\/div>\n\t\t<\/div>\n\t\t\t\t\t<\/div>\n\t\t<\/section>\n\t\t\t\t<\/div>","protected":false},"excerpt":{"rendered":"<p>Servicio Bodas Destino Latam Tiempo para planificarlo: 1 a\u00f1o a 18 meses Tu Boda de Ensue\u00f1o en Ecuador o Colombia: Los Destinos M\u00e1s M\u00e1gicos de Latinoam\u00e9ricaImagina tu ceremonia en paisajes inolvidables: las majestuosas Islas Gal\u00e1pagos con sus aguas cristalinas y vibrante fauna; una playa en Cartagena al atardecer, donde el cielo se ti\u00f1e de colores [&hellip;]<\/p>","protected":false},"author":1,"featured_media":0,"parent":0,"menu_order":0,"comment_status":"closed","ping_status":"closed","template":"page-templates\/home.php","meta":{"passster_activate_protection":false,"passster_protect_child_pages":"","passster_protection_type":"password","passster_password":"","passster_activate_overwrite_defaults":"","passster_headline":"","passster_instruction":"","passster_placeholder":"","passster_button":"","passster_id":"","passster_activate_misc_settings":"","passster_redirect_url":"","passster_hide":"no","passster_area_shortcode":"","footnotes":""},"class_list":["post-3845","page","type-page","status-publish","hentry"],"_links":{"self":[{"href":"https:\/\/mibodamagica.com\/en\/wp-json\/wp\/v2\/pages\/3845","targetHints":{"allow":["GET"]}}],"collection":[{"href":"https:\/\/mibodamagica.com\/en\/wp-json\/wp\/v2\/pages"}],"about":[{"href":"https:\/\/mibodamagica.com\/en\/wp-json\/wp\/v2\/types\/page"}],"author":[{"embeddable":true,"href":"https:\/\/mibodamagica.com\/en\/wp-json\/wp\/v2\/users\/1"}],"replies":[{"embeddable":true,"href":"https:\/\/mibodamagica.com\/en\/wp-json\/wp\/v2\/comments?post=3845"}],"version-history":[{"count":25,"href":"https:\/\/mibodamagica.com\/en\/wp-json\/wp\/v2\/pages\/3845\/revisions"}],"predecessor-version":[{"id":3970,"href":"https:\/\/mibodamagica.com\/en\/wp-json\/wp\/v2\/pages\/3845\/revisions\/3970"}],"wp:attachment":[{"href":"https:\/\/mibodamagica.com\/en\/wp-json\/wp\/v2\/media?parent=3845"}],"curies":[{"name":"wp","href":"https:\/\/api.w.org\/{rel}","templated":true}]}}