{"id":3843,"date":"2024-11-07T15:54:07","date_gmt":"2024-11-07T15:54:07","guid":{"rendered":"https:\/\/mibodamagica.com\/?page_id=3843"},"modified":"2024-11-10T17:17:47","modified_gmt":"2024-11-10T17:17:47","slug":"bodas-galapagos","status":"publish","type":"page","link":"https:\/\/mibodamagica.com\/en\/bodas-galapagos\/","title":{"rendered":"Galapagos Weddings"},"content":{"rendered":"<div data-elementor-type=\"wp-page\" data-elementor-id=\"3843\" class=\"elementor elementor-3843\" data-elementor-post-type=\"page\">\n\t\t\t\t\t\t<section data-particle_enable=\"false\" data-particle-mobile-disabled=\"false\" class=\"elementor-section elementor-top-section elementor-element elementor-element-1e70e3f elementor-section-full_width elementor-section-height-default elementor-section-height-default\" data-id=\"1e70e3f\" data-element_type=\"section\">\n\t\t\t\t\t\t<div class=\"elementor-container elementor-column-gap-no\">\n\t\t\t\t\t<div class=\"elementor-column elementor-col-100 elementor-top-column elementor-element elementor-element-fb2d221\" data-id=\"fb2d221\" data-element_type=\"column\">\n\t\t\t<div class=\"elementor-widget-wrap elementor-element-populated\">\n\t\t\t\t\t\t<div class=\"elementor-element elementor-element-dd5339b elementor-align-left elementor-widget elementor-widget-pages-banner\" data-id=\"dd5339b\" data-element_type=\"widget\" data-widget_type=\"pages-banner.default\">\n\t\t\t\t<div class=\"elementor-widget-container\">\n\t\t\t\r\n\t\t\t\t<div class=\"banner-header section-padding valign bg-img bg-fixed\" data-overlay-dark=\"4\" data-background=\"https:\/\/mibodamagica.com\/wp-content\/uploads\/2024\/11\/Cruice.jpg\">\r\n\t\t\t\t\t<div class=\"container\">\r\n\t\t\t\t<div class=\"row\">\r\n\t\t\t\t\t<div class=\"col-md-12 caption mt-90\">\r\n\t\t\t\t\t\t\t\t\t\t\t\t<h5>Service<\/h5>\r\n\t\t\t\t\t\t\t\t\t\t\t\t\t\t\t\t\t\t<h1>Galapagos Weddings<\/h1>\r\n\t\t\t\t\t\t\t\t\t\t\t<\/div>\r\n\t\t\t\t<\/div>\r\n\t\t\t<\/div>\r\n\t\t<\/div>\r\n\r\n\t\t\t<\/div>\n\t\t\t\t<\/div>\n\t\t\t\t\t<\/div>\n\t\t<\/div>\n\t\t\t\t\t<\/div>\n\t\t<\/section>\n\t\t\t\t<section data-particle_enable=\"false\" data-particle-mobile-disabled=\"false\" class=\"elementor-section elementor-top-section elementor-element elementor-element-fa7e876 elementor-section-boxed elementor-section-height-default elementor-section-height-default\" data-id=\"fa7e876\" data-element_type=\"section\">\n\t\t\t\t\t\t<div class=\"elementor-container elementor-column-gap-default\">\n\t\t\t\t\t<div class=\"elementor-column elementor-col-100 elementor-top-column elementor-element elementor-element-5a3ad60\" data-id=\"5a3ad60\" data-element_type=\"column\">\n\t\t\t<div class=\"elementor-widget-wrap elementor-element-populated\">\n\t\t\t\t\t\t<div class=\"elementor-element elementor-element-a72030c elementor-widget elementor-widget-spacer\" data-id=\"a72030c\" data-element_type=\"widget\" data-widget_type=\"spacer.default\">\n\t\t\t\t<div class=\"elementor-widget-container\">\n\t\t\t\t\t<div class=\"elementor-spacer\">\n\t\t\t<div class=\"elementor-spacer-inner\"><\/div>\n\t\t<\/div>\n\t\t\t\t<\/div>\n\t\t\t\t<\/div>\n\t\t\t\t<div class=\"elementor-element elementor-element-53121d5 elementor-widget elementor-widget-video\" data-id=\"53121d5\" data-element_type=\"widget\" data-settings=\"{&quot;youtube_url&quot;:&quot;https:\\\/\\\/youtu.be\\\/XCoBLFVYWUs&quot;,&quot;autoplay&quot;:&quot;yes&quot;,&quot;modestbranding&quot;:&quot;yes&quot;,&quot;video_type&quot;:&quot;youtube&quot;,&quot;controls&quot;:&quot;yes&quot;}\" data-widget_type=\"video.default\">\n\t\t\t\t<div class=\"elementor-widget-container\">\n\t\t\t\t\t<div class=\"elementor-wrapper elementor-open-inline\">\n\t\t\t<div class=\"elementor-video\"><\/div>\t\t<\/div>\n\t\t\t\t<\/div>\n\t\t\t\t<\/div>\n\t\t\t\t<div class=\"elementor-element elementor-element-c0bbf3e elementor-widget elementor-widget-spacer\" data-id=\"c0bbf3e\" data-element_type=\"widget\" data-widget_type=\"spacer.default\">\n\t\t\t\t<div class=\"elementor-widget-container\">\n\t\t\t\t\t<div class=\"elementor-spacer\">\n\t\t\t<div class=\"elementor-spacer-inner\"><\/div>\n\t\t<\/div>\n\t\t\t\t<\/div>\n\t\t\t\t<\/div>\n\t\t\t\t<div class=\"elementor-element elementor-element-92f3c03 elementor-widget elementor-widget-text-editor\" data-id=\"92f3c03\" data-element_type=\"widget\" data-widget_type=\"text-editor.default\">\n\t\t\t\t<div class=\"elementor-widget-container\">\n\t\t\t\t\t\t\t<p style=\"text-align: justify;\"><strong>Your Exclusive Wedding in the Gal\u00e1pagos Islands: A Paradise Aboard<\/strong><\/p><p style=\"text-align: justify;\">Imagine celebrating your love in one of the most desired and unique destinations in the world, the majestic Gal\u00e1pagos Islands, aboard a luxurious private yacht. Welcome to an unparalleled experience where romance and nature blend to create unforgettable memories.<\/p><p style=\"text-align: justify;\"><strong>Four Days of Luxury in Paradise:<\/strong> from the elegant Go Galapagos Hotel in Quito to the spectacular wedding aboard in Gal\u00e1pagos, this is the setting for those seeking something truly extraordinary.<\/p><p style=\"text-align: justify;\"><strong>Day 1: The Perfect Beginning<\/strong><br \/>We kick off with an intimate rehearsal dinner at sea, where the first sunsets and the endless ocean greet your guests.<\/p><p style=\"text-align: justify;\"><strong>Day 2: The Big Day<\/strong><br \/>Every moment has been thoughtfully planned: music, exquisite cuisine, and an officiant on board as you exchange vows in a magical setting, surrounded by crystal-clear waters and incomparable landscapes. This wedding will be a unique moment, where your loved ones and nature come together to celebrate.<\/p><p style=\"text-align: justify;\"><strong>Day 3: The Wedding Brunch<\/strong><br \/>Wake up in a new corner of paradise, where an unforgettable wedding brunch awaits to continue the celebration. Discover hidden islands, embark on exclusive adventures, and savor every moment in this breathtaking destination.<\/p><p style=\"text-align: justify;\"><strong>Each day is filled with unique details:<\/strong> guided excursions, world-class cuisine, and moments of dancing under the stars. With each island, nature and luxury combine to offer you and your guests an experience like no other.<\/p><p style=\"text-align: justify;\"><strong>The exclusivity of a private charter, where your guests cover their stay while you enjoy preferential rates for yourself and your providers, ensures that every moment is yours in a destination few couples in the world can experience.<\/strong><\/p><p style=\"text-align: justify;\">We are the first to offer this onboard experience in the archipelago, and we know there is no other wedding like this in the world.<\/p><p style=\"text-align: justify;\"><strong>Discover the luxury and magic of a wedding aboard in Gal\u00e1pagos: where exclusivity, love, and nature converge in a truly incomparable experience.<\/strong><\/p><p style=\"text-align: justify;\">\u00a0<\/p>\t\t\t\t\t\t<\/div>\n\t\t\t\t<\/div>\n\t\t\t\t<div class=\"elementor-element elementor-element-57965b2 elementor-widget elementor-widget-spacer\" data-id=\"57965b2\" data-element_type=\"widget\" data-widget_type=\"spacer.default\">\n\t\t\t\t<div class=\"elementor-widget-container\">\n\t\t\t\t\t<div class=\"elementor-spacer\">\n\t\t\t<div class=\"elementor-spacer-inner\"><\/div>\n\t\t<\/div>\n\t\t\t\t<\/div>\n\t\t\t\t<\/div>\n\t\t\t\t\t<\/div>\n\t\t<\/div>\n\t\t\t\t\t<\/div>\n\t\t<\/section>\n\t\t\t\t<\/div>","protected":false},"excerpt":{"rendered":"<p>Servicio Bodas Gal\u00e1pagos Tu Boda Exclusiva en las Islas Gal\u00e1pagos: Un Para\u00edso a BordoImagina celebrar tu amor en uno de los destinos m\u00e1s deseados y \u00fanicos del mundo, las majestuosas Islas Gal\u00e1pagos, a bordo de un lujoso yate privado. Bienvenidos a una experiencia inigualable donde el romance y la naturaleza se fusionan para crear recuerdos [&hellip;]<\/p>","protected":false},"author":1,"featured_media":0,"parent":0,"menu_order":0,"comment_status":"closed","ping_status":"closed","template":"page-templates\/home.php","meta":{"passster_activate_protection":false,"passster_protect_child_pages":"","passster_protection_type":"password","passster_password":"","passster_activate_overwrite_defaults":"","passster_headline":"","passster_instruction":"","passster_placeholder":"","passster_button":"","passster_id":"","passster_activate_misc_settings":"","passster_redirect_url":"","passster_hide":"no","passster_area_shortcode":"","footnotes":""},"class_list":["post-3843","page","type-page","status-publish","hentry"],"_links":{"self":[{"href":"https:\/\/mibodamagica.com\/en\/wp-json\/wp\/v2\/pages\/3843","targetHints":{"allow":["GET"]}}],"collection":[{"href":"https:\/\/mibodamagica.com\/en\/wp-json\/wp\/v2\/pages"}],"about":[{"href":"https:\/\/mibodamagica.com\/en\/wp-json\/wp\/v2\/types\/page"}],"author":[{"embeddable":true,"href":"https:\/\/mibodamagica.com\/en\/wp-json\/wp\/v2\/users\/1"}],"replies":[{"embeddable":true,"href":"https:\/\/mibodamagica.com\/en\/wp-json\/wp\/v2\/comments?post=3843"}],"version-history":[{"count":8,"href":"https:\/\/mibodamagica.com\/en\/wp-json\/wp\/v2\/pages\/3843\/revisions"}],"predecessor-version":[{"id":3966,"href":"https:\/\/mibodamagica.com\/en\/wp-json\/wp\/v2\/pages\/3843\/revisions\/3966"}],"wp:attachment":[{"href":"https:\/\/mibodamagica.com\/en\/wp-json\/wp\/v2\/media?parent=3843"}],"curies":[{"name":"wp","href":"https:\/\/api.w.org\/{rel}","templated":true}]}}