{"id":3084,"date":"2022-12-03T15:00:42","date_gmt":"2022-12-03T15:00:42","guid":{"rendered":"https:\/\/mibodamagica.com\/?page_id=3084"},"modified":"2022-12-03T16:12:18","modified_gmt":"2022-12-03T16:12:18","slug":"como-organizar-una-boda-magica","status":"publish","type":"page","link":"https:\/\/mibodamagica.com\/en\/como-organizar-una-boda-magica\/","title":{"rendered":"Co\u0301mo organizar una Boda Ma\u0301gica"},"content":{"rendered":"<div data-elementor-type=\"wp-page\" data-elementor-id=\"3084\" class=\"elementor elementor-3084\" data-elementor-post-type=\"page\">\n\t\t\t\t\t\t<section data-particle_enable=\"false\" data-particle-mobile-disabled=\"false\" class=\"elementor-section elementor-top-section elementor-element elementor-element-312fd000 elementor-section-full_width elementor-section-height-default elementor-section-height-default\" data-id=\"312fd000\" data-element_type=\"section\">\n\t\t\t\t\t\t<div class=\"elementor-container elementor-column-gap-no\">\n\t\t\t\t\t<div class=\"elementor-column elementor-col-100 elementor-top-column elementor-element elementor-element-513b1f91\" data-id=\"513b1f91\" data-element_type=\"column\">\n\t\t\t<div class=\"elementor-widget-wrap elementor-element-populated\">\n\t\t\t\t\t\t<div class=\"elementor-element elementor-element-542ee1f elementor-align-left elementor-widget elementor-widget-pages-banner\" data-id=\"542ee1f\" data-element_type=\"widget\" data-widget_type=\"pages-banner.default\">\n\t\t\t\t<div class=\"elementor-widget-container\">\n\t\t\t\r\n\t\t\t\t<div class=\"banner-header section-padding valign bg-img bg-fixed\" data-overlay-dark=\"4\" data-background=\"https:\/\/mibodamagica.com\/wp-content\/uploads\/2022\/12\/Libros.jpg\">\r\n\t\t\t\t\t<div class=\"container\">\r\n\t\t\t\t<div class=\"row\">\r\n\t\t\t\t\t<div class=\"col-md-12 caption mt-90\">\r\n\t\t\t\t\t\t\t\t\t\t\t\t<h5>Tienda<\/h5>\r\n\t\t\t\t\t\t\t\t\t\t\t\t\t\t\t\t\t\t<h1>Libros<\/h1>\r\n\t\t\t\t\t\t\t\t\t\t\t<\/div>\r\n\t\t\t\t<\/div>\r\n\t\t\t<\/div>\r\n\t\t<\/div>\r\n\r\n\t\t\t<\/div>\n\t\t\t\t<\/div>\n\t\t\t\t\t<\/div>\n\t\t<\/div>\n\t\t\t\t\t<\/div>\n\t\t<\/section>\n\t\t\t\t<section data-particle_enable=\"false\" data-particle-mobile-disabled=\"false\" class=\"elementor-section elementor-top-section elementor-element elementor-element-309d609 elementor-section-boxed elementor-section-height-default elementor-section-height-default\" data-id=\"309d609\" data-element_type=\"section\">\n\t\t\t\t\t\t<div class=\"elementor-container elementor-column-gap-default\">\n\t\t\t\t\t<div class=\"elementor-column elementor-col-100 elementor-top-column elementor-element elementor-element-35d0347\" data-id=\"35d0347\" data-element_type=\"column\">\n\t\t\t<div class=\"elementor-widget-wrap elementor-element-populated\">\n\t\t\t\t\t\t<div class=\"elementor-element elementor-element-6089a07 elementor-widget elementor-widget-spacer\" data-id=\"6089a07\" data-element_type=\"widget\" data-widget_type=\"spacer.default\">\n\t\t\t\t<div class=\"elementor-widget-container\">\n\t\t\t\t\t<div class=\"elementor-spacer\">\n\t\t\t<div class=\"elementor-spacer-inner\"><\/div>\n\t\t<\/div>\n\t\t\t\t<\/div>\n\t\t\t\t<\/div>\n\t\t\t\t<div class=\"elementor-element elementor-element-e056dd3 elementor-widget elementor-widget-text-editor\" data-id=\"e056dd3\" data-element_type=\"widget\" data-widget_type=\"text-editor.default\">\n\t\t\t\t<div class=\"elementor-widget-container\">\n\t\t\t\t\t\t\t<h2 id=\"cmo-organizar-una-boda-mgica\" class=\"vc_custom_heading\" style=\"text-align: center;\">C\u00f3mo Organizar una Boda M\u00e1gica<\/h2>\t\t\t\t\t\t<\/div>\n\t\t\t\t<\/div>\n\t\t\t\t<div class=\"elementor-element elementor-element-ad7e1d4 elementor-widget elementor-widget-spacer\" data-id=\"ad7e1d4\" data-element_type=\"widget\" data-widget_type=\"spacer.default\">\n\t\t\t\t<div class=\"elementor-widget-container\">\n\t\t\t\t\t<div class=\"elementor-spacer\">\n\t\t\t<div class=\"elementor-spacer-inner\"><\/div>\n\t\t<\/div>\n\t\t\t\t<\/div>\n\t\t\t\t<\/div>\n\t\t\t\t\t<\/div>\n\t\t<\/div>\n\t\t\t\t\t<\/div>\n\t\t<\/section>\n\t\t\t\t<section data-particle_enable=\"false\" data-particle-mobile-disabled=\"false\" class=\"elementor-section elementor-top-section elementor-element elementor-element-c94ff34 elementor-section-boxed elementor-section-height-default elementor-section-height-default\" data-id=\"c94ff34\" data-element_type=\"section\">\n\t\t\t\t\t\t<div class=\"elementor-container elementor-column-gap-default\">\n\t\t\t\t\t<div class=\"elementor-column elementor-col-50 elementor-top-column elementor-element elementor-element-eee68c5\" data-id=\"eee68c5\" data-element_type=\"column\">\n\t\t\t<div class=\"elementor-widget-wrap elementor-element-populated\">\n\t\t\t\t\t\t<div class=\"elementor-element elementor-element-818437b elementor-widget elementor-widget-image\" data-id=\"818437b\" data-element_type=\"widget\" data-widget_type=\"image.default\">\n\t\t\t\t<div class=\"elementor-widget-container\">\n\t\t\t\t\t\t\t\t\t\t\t\t\t<img fetchpriority=\"high\" decoding=\"async\" width=\"900\" height=\"887\" src=\"https:\/\/mibodamagica.com\/wp-content\/uploads\/edd\/2022\/12\/Libro-Como-Organizar-Una-Boda.jpg\" class=\"attachment-large size-large wp-image-3073\" alt=\"\" srcset=\"https:\/\/mibodamagica.com\/wp-content\/uploads\/edd\/2022\/12\/Libro-Como-Organizar-Una-Boda.jpg 1000w, https:\/\/mibodamagica.com\/wp-content\/uploads\/edd\/2022\/12\/Libro-Como-Organizar-Una-Boda-300x296.jpg 300w, https:\/\/mibodamagica.com\/wp-content\/uploads\/edd\/2022\/12\/Libro-Como-Organizar-Una-Boda-768x756.jpg 768w\" sizes=\"(max-width: 900px) 100vw, 900px\" \/>\t\t\t\t\t\t\t\t\t\t\t\t\t<\/div>\n\t\t\t\t<\/div>\n\t\t\t\t\t<\/div>\n\t\t<\/div>\n\t\t\t\t<div class=\"elementor-column elementor-col-50 elementor-top-column elementor-element elementor-element-38d64fa\" data-id=\"38d64fa\" data-element_type=\"column\">\n\t\t\t<div class=\"elementor-widget-wrap elementor-element-populated\">\n\t\t\t\t\t\t<div class=\"elementor-element elementor-element-8f94dec elementor-widget elementor-widget-text-editor\" data-id=\"8f94dec\" data-element_type=\"widget\" data-widget_type=\"text-editor.default\">\n\t\t\t\t<div class=\"elementor-widget-container\">\n\t\t\t\t\t\t\t<p style=\"text-align: justify;\">Planificar el que debe ser \u00abuno de los mejores d\u00edas de tu vida\u00bb, no es tarea f\u00e1cil. Una boda es como un beb\u00e9, no viene con un manual de instrucciones. Por suerte, este libro puede cumplir a las mil maravillas esta funci\u00f3n.<\/p><p style=\"text-align: justify;\">Carolina Muzo es una de las mejores wedding planner de Am\u00e9rica, con una complet\u00edsima formaci\u00f3n y una experiencia magn\u00edfica en m\u00e1s de 600 eventos. Ir de la mano de Carolina, en un acontecimiento tan importante para tu vida, es sin\u00f3nimo de \u00e9xito. Para ella solo hay un adjetivo que pueda definir plenamente a la boda en s\u00ed, y es: M\u00c1GICA. \u00bfNo te gustar\u00eda que tu boda fuese un evento m\u00e1gico del primer segundo al \u00faltimo? Con este libro aprender\u00e1s c\u00f3mo conseguirlo, paso a paso, con una alegr\u00eda constante.<\/p>\t\t\t\t\t\t<\/div>\n\t\t\t\t<\/div>\n\t\t\t\t<div class=\"elementor-element elementor-element-7af589a elementor-widget elementor-widget-text-editor\" data-id=\"7af589a\" data-element_type=\"widget\" data-widget_type=\"text-editor.default\">\n\t\t\t\t<div class=\"elementor-widget-container\">\n\t\t\t\t\t\t\t<p>\t<form id=\"edd_purchase_3071\" class=\"edd_download_purchase_form edd_purchase_3071\" method=\"post\">\n\n\t\t\n\t\t<div class=\"edd_purchase_submit_wrapper\">\n\t\t\t<button class=\"edd-add-to-cart button black edd-submit\" data-nonce=\"ec726c3a71\" data-timestamp=\"1778996987\" data-token=\"031f3134786fe48bc5bff4c92fff65e8e804864e0f0db401c9c3ed5ee67336ab\" data-action=\"edd_add_to_cart\" data-download-id=\"3071\" data-variable-price=\"no\" data-price-mode=\"single\" data-price=\"17.10\" ><span class=\"edd-add-to-cart-label\">&#36;17.10&nbsp;&ndash;&nbsp;Comprar<\/span> <span class=\"edd-loading\" aria-label=\"Loading\"><\/span><\/button><input type=\"submit\" class=\"edd-add-to-cart edd-no-js button black edd-submit\" name=\"edd_purchase_download\" value=\"&#036;17.10&nbsp;&ndash;&nbsp;Comprar\" data-action=\"edd_add_to_cart\" data-download-id=\"3071\" data-variable-price=\"no\" data-price-mode=\"single\" \/><a href=\"https:\/\/mibodamagica.com\/en\/finalizar-compra\/\" class=\"edd_go_to_checkout button black edd-submit\" style=\"display:none;\">Checkout<\/a>\n\t\t\t\t\t\t\t<span class=\"edd-cart-ajax-alert\" aria-live=\"assertive\">\n\t\t\t\t\t<span class=\"edd-cart-added-alert\" style=\"display: none;\">\n\t\t\t\t\t\t<svg class=\"edd-icon edd-icon-check\" xmlns=\"http:\/\/www.w3.org\/2000\/svg\" width=\"28\" height=\"28\" viewbox=\"0 0 28 28\" aria-hidden=\"true\">\n\t\t\t\t\t\t\t<path d=\"M26.11 8.844c0 .39-.157.78-.44 1.062L12.234 23.344c-.28.28-.672.438-1.062.438s-.78-.156-1.06-.438l-7.782-7.78c-.28-.282-.438-.673-.438-1.063s.156-.78.438-1.06l2.125-2.126c.28-.28.672-.438 1.062-.438s.78.156 1.062.438l4.594 4.61L21.42 5.656c.282-.28.673-.438 1.063-.438s.78.155 1.062.437l2.125 2.125c.28.28.438.672.438 1.062z\"\/>\n\t\t\t\t\t\t<\/svg>\n\t\t\t\t\t\tAdded to cart\t\t\t\t\t<\/span>\n\t\t\t\t<\/span>\n\t\t\t\t\t\t\t\t\t\t\t\t\t\t\t<\/div><!--end .edd_purchase_submit_wrapper-->\n\n\t\t<input type=\"hidden\" name=\"download_id\" value=\"3071\">\n\t\t\t\t\t\t\t<input type=\"hidden\" name=\"edd_action\" class=\"edd_action_input\" value=\"add_to_cart\">\n\t\t\n\t\t\n\t\t\n\t<input type=\"hidden\" name=\"trp-form-language\" value=\"en\"\/><\/form><!--end #edd_purchase_3071-->\n<\/p>\t\t\t\t\t\t<\/div>\n\t\t\t\t<\/div>\n\t\t\t\t<div class=\"elementor-element elementor-element-f3a9f48 elementor-widget elementor-widget-spacer\" data-id=\"f3a9f48\" data-element_type=\"widget\" data-widget_type=\"spacer.default\">\n\t\t\t\t<div class=\"elementor-widget-container\">\n\t\t\t\t\t<div class=\"elementor-spacer\">\n\t\t\t<div class=\"elementor-spacer-inner\"><\/div>\n\t\t<\/div>\n\t\t\t\t<\/div>\n\t\t\t\t<\/div>\n\t\t\t\t<div class=\"elementor-element elementor-element-ecf3a98 elementor-widget elementor-widget-image\" data-id=\"ecf3a98\" data-element_type=\"widget\" data-widget_type=\"image.default\">\n\t\t\t\t<div class=\"elementor-widget-container\">\n\t\t\t\t\t\t\t\t\t\t\t\t\t<img decoding=\"async\" width=\"450\" height=\"130\" src=\"https:\/\/mibodamagica.com\/wp-content\/uploads\/2022\/12\/ssl-paypal-payment.png\" class=\"attachment-full size-full wp-image-3155\" alt=\"\" srcset=\"https:\/\/mibodamagica.com\/wp-content\/uploads\/2022\/12\/ssl-paypal-payment.png 450w, https:\/\/mibodamagica.com\/wp-content\/uploads\/2022\/12\/ssl-paypal-payment-300x87.png 300w\" sizes=\"(max-width: 450px) 100vw, 450px\" \/>\t\t\t\t\t\t\t\t\t\t\t\t\t<\/div>\n\t\t\t\t<\/div>\n\t\t\t\t\t<\/div>\n\t\t<\/div>\n\t\t\t\t\t<\/div>\n\t\t<\/section>\n\t\t\t\t<\/div>","protected":false},"excerpt":{"rendered":"<p>Tienda Libros C\u00f3mo Organizar una Boda M\u00e1gica Planificar el que debe ser \u00abuno de los mejores d\u00edas de tu vida\u00bb, no es tarea f\u00e1cil. Una boda es como un beb\u00e9, no viene con un manual de instrucciones. Por suerte, este libro puede cumplir a las mil maravillas esta funci\u00f3n.Carolina Muzo es una de las mejores [&hellip;]<\/p>","protected":false},"author":1,"featured_media":0,"parent":0,"menu_order":0,"comment_status":"closed","ping_status":"closed","template":"page-templates\/home-2.php","meta":{"passster_activate_protection":false,"passster_protect_child_pages":"","passster_protection_type":"password","passster_password":"","passster_activate_overwrite_defaults":"","passster_headline":"","passster_instruction":"","passster_placeholder":"","passster_button":"","passster_id":"","passster_activate_misc_settings":"","passster_redirect_url":"","passster_hide":"no","passster_area_shortcode":"","footnotes":""},"class_list":["post-3084","page","type-page","status-publish","hentry"],"_links":{"self":[{"href":"https:\/\/mibodamagica.com\/en\/wp-json\/wp\/v2\/pages\/3084","targetHints":{"allow":["GET"]}}],"collection":[{"href":"https:\/\/mibodamagica.com\/en\/wp-json\/wp\/v2\/pages"}],"about":[{"href":"https:\/\/mibodamagica.com\/en\/wp-json\/wp\/v2\/types\/page"}],"author":[{"embeddable":true,"href":"https:\/\/mibodamagica.com\/en\/wp-json\/wp\/v2\/users\/1"}],"replies":[{"embeddable":true,"href":"https:\/\/mibodamagica.com\/en\/wp-json\/wp\/v2\/comments?post=3084"}],"version-history":[{"count":41,"href":"https:\/\/mibodamagica.com\/en\/wp-json\/wp\/v2\/pages\/3084\/revisions"}],"predecessor-version":[{"id":3167,"href":"https:\/\/mibodamagica.com\/en\/wp-json\/wp\/v2\/pages\/3084\/revisions\/3167"}],"wp:attachment":[{"href":"https:\/\/mibodamagica.com\/en\/wp-json\/wp\/v2\/media?parent=3084"}],"curies":[{"name":"wp","href":"https:\/\/api.w.org\/{rel}","templated":true}]}}