{"id":1277,"date":"2022-11-30T19:39:02","date_gmt":"2022-11-30T19:39:02","guid":{"rendered":"https:\/\/mibodamagica.com\/?page_id=1277"},"modified":"2022-12-03T12:12:03","modified_gmt":"2022-12-03T12:12:03","slug":"platino-o-boda-integral","status":"publish","type":"page","link":"https:\/\/mibodamagica.com\/en\/platino-o-boda-integral\/","title":{"rendered":"Platinum or Integral Wedding"},"content":{"rendered":"<div data-elementor-type=\"wp-page\" data-elementor-id=\"1277\" class=\"elementor elementor-1277\" data-elementor-post-type=\"page\">\n\t\t\t\t\t\t<section data-particle_enable=\"false\" data-particle-mobile-disabled=\"false\" class=\"elementor-section elementor-top-section elementor-element elementor-element-7e76d9e elementor-section-full_width elementor-section-height-default elementor-section-height-default\" data-id=\"7e76d9e\" data-element_type=\"section\">\n\t\t\t\t\t\t<div class=\"elementor-container elementor-column-gap-no\">\n\t\t\t\t\t<div class=\"elementor-column elementor-col-100 elementor-top-column elementor-element elementor-element-6873d105\" data-id=\"6873d105\" data-element_type=\"column\">\n\t\t\t<div class=\"elementor-widget-wrap elementor-element-populated\">\n\t\t\t\t\t\t<div class=\"elementor-element elementor-element-582d76af elementor-align-left elementor-widget elementor-widget-pages-banner\" data-id=\"582d76af\" data-element_type=\"widget\" data-widget_type=\"pages-banner.default\">\n\t\t\t\t<div class=\"elementor-widget-container\">\n\t\t\t\r\n\t\t\t\t<div class=\"banner-header section-padding valign bg-img bg-fixed\" data-overlay-dark=\"4\" data-background=\"https:\/\/mibodamagica.com\/wp-content\/uploads\/2022\/11\/Plantino-header.jpg\">\r\n\t\t\t\t\t<div class=\"container\">\r\n\t\t\t\t<div class=\"row\">\r\n\t\t\t\t\t<div class=\"col-md-12 caption mt-90\">\r\n\t\t\t\t\t\t\t\t\t\t\t\t<h5>Service<\/h5>\r\n\t\t\t\t\t\t\t\t\t\t\t\t\t\t\t\t\t\t<h1>Platinum or Integral Wedding<\/h1>\r\n\t\t\t\t\t\t\t\t\t\t\t<\/div>\r\n\t\t\t\t<\/div>\r\n\t\t\t<\/div>\r\n\t\t<\/div>\r\n\r\n\t\t\t<\/div>\n\t\t\t\t<\/div>\n\t\t\t\t\t<\/div>\n\t\t<\/div>\n\t\t\t\t\t<\/div>\n\t\t<\/section>\n\t\t\t\t<section data-particle_enable=\"false\" data-particle-mobile-disabled=\"false\" class=\"elementor-section elementor-top-section elementor-element elementor-element-3825cfa elementor-section-boxed elementor-section-height-default elementor-section-height-default\" data-id=\"3825cfa\" data-element_type=\"section\">\n\t\t\t\t\t\t<div class=\"elementor-container elementor-column-gap-default\">\n\t\t\t\t\t<div class=\"elementor-column elementor-col-100 elementor-top-column elementor-element elementor-element-250e2c0\" data-id=\"250e2c0\" data-element_type=\"column\">\n\t\t\t<div class=\"elementor-widget-wrap elementor-element-populated\">\n\t\t\t\t\t\t<div class=\"elementor-element elementor-element-9e722e2 elementor-widget elementor-widget-spacer\" data-id=\"9e722e2\" data-element_type=\"widget\" data-widget_type=\"spacer.default\">\n\t\t\t\t<div class=\"elementor-widget-container\">\n\t\t\t\t\t<div class=\"elementor-spacer\">\n\t\t\t<div class=\"elementor-spacer-inner\"><\/div>\n\t\t<\/div>\n\t\t\t\t<\/div>\n\t\t\t\t<\/div>\n\t\t\t\t<div class=\"elementor-element elementor-element-abbc168 elementor-widget elementor-widget-text-editor\" data-id=\"abbc168\" data-element_type=\"widget\" data-widget_type=\"text-editor.default\">\n\t\t\t\t<div class=\"elementor-widget-container\">\n\t\t\t\t\t\t\t<p style=\"text-align: justify;\">M\u00e1s de una pareja lo ha pensado, una boda creada solo para los dos, el Ecuador cuenta con maravillosos sitios, inimaginables, indescriptibles, en donde pueden llevarse a cabo, este servicio cuenta con:<\/p><ul><li style=\"text-align: justify;\">1.- Juez \u2013 Sacerdote \u2013 Oficiante (elegir)<\/li><li style=\"text-align: justify;\">2.- Peluquer\u00eda y Maquillaje<\/li><li style=\"text-align: justify;\">3.- Locaci\u00f3n decorada para la ceremonia<\/li><li style=\"text-align: justify;\">4.- Fotograf\u00eda y video<\/li><li style=\"text-align: justify;\">5.- Men\u00fa de lujo para dos a cinco tiempos y licor Premium<\/li><li style=\"text-align: justify;\">6.- Mesa rom\u00e1ntica decorada<\/li><li style=\"text-align: justify;\">7.- Protocolo Real<\/li><li style=\"text-align: justify;\">8.- M\u00fasica en vivo<\/li><li style=\"text-align: justify;\">9.- Suite Nupcial preparada<\/li><li style=\"text-align: justify;\">10.- Streaming para invitados<br \/>Y mucho m\u00e1s<\/li><\/ul>\t\t\t\t\t\t<\/div>\n\t\t\t\t<\/div>\n\t\t\t\t<div class=\"elementor-element elementor-element-48956ac elementor-widget elementor-widget-spacer\" data-id=\"48956ac\" data-element_type=\"widget\" data-widget_type=\"spacer.default\">\n\t\t\t\t<div class=\"elementor-widget-container\">\n\t\t\t\t\t<div class=\"elementor-spacer\">\n\t\t\t<div class=\"elementor-spacer-inner\"><\/div>\n\t\t<\/div>\n\t\t\t\t<\/div>\n\t\t\t\t<\/div>\n\t\t\t\t\t<\/div>\n\t\t<\/div>\n\t\t\t\t\t<\/div>\n\t\t<\/section>\n\t\t\t\t<\/div>","protected":false},"excerpt":{"rendered":"<p>Servicio Platino o Boda Integral M\u00e1s de una pareja lo ha pensado, una boda creada solo para los dos, el Ecuador cuenta con maravillosos sitios, inimaginables, indescriptibles, en donde pueden llevarse a cabo, este servicio cuenta con:1.- Juez \u2013 Sacerdote \u2013 Oficiante (elegir)2.- Peluquer\u00eda y Maquillaje3.- Locaci\u00f3n decorada para la ceremonia4.- Fotograf\u00eda y video5.- Men\u00fa [&hellip;]<\/p>","protected":false},"author":1,"featured_media":0,"parent":0,"menu_order":0,"comment_status":"closed","ping_status":"closed","template":"page-templates\/home.php","meta":{"passster_activate_protection":false,"passster_protect_child_pages":"","passster_protection_type":"password","passster_password":"","passster_activate_overwrite_defaults":"","passster_headline":"","passster_instruction":"","passster_placeholder":"","passster_button":"","passster_id":"","passster_activate_misc_settings":"","passster_redirect_url":"","passster_hide":"no","passster_area_shortcode":"","footnotes":""},"class_list":["post-1277","page","type-page","status-publish","hentry"],"_links":{"self":[{"href":"https:\/\/mibodamagica.com\/en\/wp-json\/wp\/v2\/pages\/1277","targetHints":{"allow":["GET"]}}],"collection":[{"href":"https:\/\/mibodamagica.com\/en\/wp-json\/wp\/v2\/pages"}],"about":[{"href":"https:\/\/mibodamagica.com\/en\/wp-json\/wp\/v2\/types\/page"}],"author":[{"embeddable":true,"href":"https:\/\/mibodamagica.com\/en\/wp-json\/wp\/v2\/users\/1"}],"replies":[{"embeddable":true,"href":"https:\/\/mibodamagica.com\/en\/wp-json\/wp\/v2\/comments?post=1277"}],"version-history":[{"count":23,"href":"https:\/\/mibodamagica.com\/en\/wp-json\/wp\/v2\/pages\/1277\/revisions"}],"predecessor-version":[{"id":3026,"href":"https:\/\/mibodamagica.com\/en\/wp-json\/wp\/v2\/pages\/1277\/revisions\/3026"}],"wp:attachment":[{"href":"https:\/\/mibodamagica.com\/en\/wp-json\/wp\/v2\/media?parent=1277"}],"curies":[{"name":"wp","href":"https:\/\/api.w.org\/{rel}","templated":true}]}}